{"id":52,"date":"2011-09-28T09:23:52","date_gmt":"2011-09-28T09:23:52","guid":{"rendered":"http:\/\/pegcb.wordpress.com\/?page_id=52"},"modified":"2014-05-14T11:04:01","modified_gmt":"2014-05-14T09:04:01","slug":"geo-equipment","status":"publish","type":"page","link":"https:\/\/pegcb.de\/index.php\/geo-equipment\/","title":{"rendered":"[ Equipment ]"},"content":{"rendered":"<p>Moin moin,<\/p>\n<p>zum cachen nutze ich zur Zeit das <a href=\"https:\/\/buy.garmin.com\/de-DE\/DE\/outdoor-freizeit\/handgerate\/oregon-650\/prod113520.html\" target=\"_blank\">Garmin Oregon 650<\/a> da es f\u00fcr mich pers\u00f6nlich das beste Ger\u00e4t ist.<\/p>\n<ul>\n<li>Der Akku h\u00e4lt gut zwei bis drei Tage<\/li>\n<li>Vielseitig einsetzbar<\/li>\n<li>Gut ablesbarer Bildschirm (auch bei Sonnenschein)<\/li>\n<li>Akkus k\u00f6nnen im Ger\u00e4t geladen werden<\/li>\n<li>Erweiterbar durch Micro SD Karte<\/li>\n<li>Nicht zu gro\u00df und nicht zu klein<\/li>\n<li>Gute und einfache Men\u00fcf\u00fchrung<\/li>\n<li>OSM Karten kompatibel<\/li>\n<\/ul>\n<p><a href=\"http:\/\/pegcb.de\/wp-content\/uploads\/2011\/09\/Oregon-650.jpg\"><img loading=\"lazy\" decoding=\"async\" class=\"alignnone size-medium wp-image-1730\" src=\"http:\/\/pegcb.de\/wp-content\/uploads\/2011\/09\/Oregon-650-300x225.jpg\" alt=\"Oregon 650\" width=\"300\" height=\"225\" srcset=\"https:\/\/pegcb.de\/wp-content\/uploads\/2011\/09\/Oregon-650-300x225.jpg 300w, https:\/\/pegcb.de\/wp-content\/uploads\/2011\/09\/Oregon-650.jpg 653w\" sizes=\"(max-width: 300px) 100vw, 300px\" \/><\/a><\/p>\n<p>Greetz<\/p>\n","protected":false},"excerpt":{"rendered":"<p>Moin moin, zum cachen nutze ich zur Zeit das Garmin Oregon 650 da es f\u00fcr mich pers\u00f6nlich das beste Ger\u00e4t &hellip; <a href=\"https:\/\/pegcb.de\/index.php\/geo-equipment\/\" class=\"more-link\"><span class=\"screen-reader-text\">[ Equipment ]<\/span> weiterlesen<\/a><\/p>\n","protected":false},"author":1,"featured_media":0,"parent":0,"menu_order":0,"comment_status":"open","ping_status":"open","template":"","meta":{"footnotes":""},"jetpack_sharing_enabled":true,"jetpack_shortlink":"https:\/\/wp.me\/P4DCnL-Q","_links":{"self":[{"href":"https:\/\/pegcb.de\/index.php\/wp-json\/wp\/v2\/pages\/52"}],"collection":[{"href":"https:\/\/pegcb.de\/index.php\/wp-json\/wp\/v2\/pages"}],"about":[{"href":"https:\/\/pegcb.de\/index.php\/wp-json\/wp\/v2\/types\/page"}],"author":[{"embeddable":true,"href":"https:\/\/pegcb.de\/index.php\/wp-json\/wp\/v2\/users\/1"}],"replies":[{"embeddable":true,"href":"https:\/\/pegcb.de\/index.php\/wp-json\/wp\/v2\/comments?post=52"}],"version-history":[{"count":5,"href":"https:\/\/pegcb.de\/index.php\/wp-json\/wp\/v2\/pages\/52\/revisions"}],"predecessor-version":[{"id":1732,"href":"https:\/\/pegcb.de\/index.php\/wp-json\/wp\/v2\/pages\/52\/revisions\/1732"}],"wp:attachment":[{"href":"https:\/\/pegcb.de\/index.php\/wp-json\/wp\/v2\/media?parent=52"}],"curies":[{"name":"wp","href":"https:\/\/api.w.org\/{rel}","templated":true}]}}