{"id":251,"date":"2011-12-24T16:01:37","date_gmt":"2011-12-24T16:01:37","guid":{"rendered":"http:\/\/pegcb.wordpress.com\/?page_id=251"},"modified":"2013-01-12T10:04:35","modified_gmt":"2013-01-12T10:04:35","slug":"mein-tb","status":"publish","type":"page","link":"https:\/\/pegcb.de\/index.php\/mein-tb\/","title":{"rendered":"[ Mein TB ]"},"content":{"rendered":"<p>Moin moin,<\/p>\n<p>auf dieser Seite findet ihr einen TB den ich vom lieben <a href=\"http:\/\/www.berufsgeocacher.de\" target=\"_blank\">Berufsgeocacher<\/a> geschenkt bekommen habe.<\/p>\n<p>Ich war lange am \u00fcberlegen ob ich nun auf reisen schicke, mir ihn in eine Vitrine lege oder oder oder. Heute kam mir dann allerdings eine bessere Idee.<\/p>\n<p>Dieser kleine TB h\u00e4ngt nun an mein Garmin und wird mich zu vielen Caches begleiten die ich suche. Und damit ich immer Gl\u00fcck beim suchen habe, ist es nun mein pers\u00f6nlicher Talisman.<\/p>\n<p>Damit er mir noch ein wenig mehr Gl\u00fcck bringt, k\u00f6nnt ihr ihn gerne &#8222;discovern&#8220;<\/p>\n<p><img decoding=\"async\" src=\"http:\/\/img853.imageshack.us\/img853\/4998\/mitcode.jpg\" alt=\"mitcode.jpg (600\u00d7800)\" \/><\/p>\n<p>Nochmals vielen Dank an den lieben Berufsgeocacher f\u00fcr diesen TB&#8230;<\/p>\n<p>Hier geht&#8217;s \u00a0zum TB: \u00a0<a title=\"Immer in Bewegung Tag (Talisman)\" href=\"http:\/\/www.geocaching.com\/track\/details.aspx?guid=c0ff188a-31a6-4a62-8682-fd45dc0d0c3d\" target=\"_blank\"><img decoding=\"async\" src=\"http:\/\/www.geocaching.com\/images\/wpttypes\/23.gif\" alt=\"Immer in Bewegung Tag\" \/>\u00a0Immer in Bewegung Tag (Talisman)\u00a0TB4MDFM<\/a><\/p>\n<p>Greetz<\/p>\n","protected":false},"excerpt":{"rendered":"<p>Moin moin, auf dieser Seite findet ihr einen TB den ich vom lieben Berufsgeocacher geschenkt bekommen habe. Ich war lange &hellip; <a href=\"https:\/\/pegcb.de\/index.php\/mein-tb\/\" class=\"more-link\"><span class=\"screen-reader-text\">[ Mein TB ]<\/span> weiterlesen<\/a><\/p>\n","protected":false},"author":1,"featured_media":0,"parent":0,"menu_order":0,"comment_status":"open","ping_status":"open","template":"","meta":{"footnotes":""},"jetpack_sharing_enabled":true,"jetpack_shortlink":"https:\/\/wp.me\/P4DCnL-43","_links":{"self":[{"href":"https:\/\/pegcb.de\/index.php\/wp-json\/wp\/v2\/pages\/251"}],"collection":[{"href":"https:\/\/pegcb.de\/index.php\/wp-json\/wp\/v2\/pages"}],"about":[{"href":"https:\/\/pegcb.de\/index.php\/wp-json\/wp\/v2\/types\/page"}],"author":[{"embeddable":true,"href":"https:\/\/pegcb.de\/index.php\/wp-json\/wp\/v2\/users\/1"}],"replies":[{"embeddable":true,"href":"https:\/\/pegcb.de\/index.php\/wp-json\/wp\/v2\/comments?post=251"}],"version-history":[{"count":1,"href":"https:\/\/pegcb.de\/index.php\/wp-json\/wp\/v2\/pages\/251\/revisions"}],"predecessor-version":[{"id":1017,"href":"https:\/\/pegcb.de\/index.php\/wp-json\/wp\/v2\/pages\/251\/revisions\/1017"}],"wp:attachment":[{"href":"https:\/\/pegcb.de\/index.php\/wp-json\/wp\/v2\/media?parent=251"}],"curies":[{"name":"wp","href":"https:\/\/api.w.org\/{rel}","templated":true}]}}