{"id":2,"date":"2011-09-26T21:10:12","date_gmt":"2011-09-26T21:10:12","guid":{"rendered":"http:\/\/pegcb.wordpress.com\/?page_id=2"},"modified":"2016-03-22T18:58:53","modified_gmt":"2016-03-22T16:58:53","slug":"about","status":"publish","type":"page","link":"https:\/\/pegcb.de\/index.php\/about\/","title":{"rendered":"[ About me ]"},"content":{"rendered":"<p>Ja zu mir gibt es nicht viel zu erz\u00e4hlen&#8230; Nett, freundlich, fr\u00f6hlich, hilfsbereit und abenteuerlustig&#8230;<\/p>\n<p>Ich bin 1986 geboren und noch recht Jung&#8230; ca. 181cm gro\u00df.<\/p>\n<p>Zum geocachen bin ich Anfang des Jahres 2011 gekommen da ich einfach neue runden zum Gassi gehen brauchte. Anfangs hatte ich ein LG KM900 Arena Handy womit ich meine Routen aufzeichnen wollte wo ich lang ging. Daf\u00fcr musste ich erstmal nach einer geeigneten App suchen. Irgendwie bin ich dabei \u00fcbers geocachen gestolpert und habe dann mal auf der Geocaching Webseite geguckt wie viele Caches es in meinen Wohnort gibt. Na Mensch das ja doch ein wenig. H\u00e4tte ich selber nicht gedacht.<\/p>\n<p>Naja jedenfalls gab es aber keine App f\u00fcr mein damaliges Smartphone. Und Februar 2011 bekamm ich mein neues Smartphone. Dort habe ich dann wieder nach einer App gesucht und wieder \u00fcber die Geocaching App gestolpert&#8230; Naja habe ich gedacht nun meldest du dich mal an auf der Seite und l\u00e4dst dir mal die App runter&#8230;<\/p>\n<p>Und dann am 23.02.2011 war es dann soweit&#8230; Ich hatte meinen ersten Geocaches gefunden: <a href=\"http:\/\/coord.info\/GCKEXX\" target=\"_blank\">GCKEXX<\/a><br \/>\nMensch habe ich mich gefreut :) Musste damals zwar so 15-20min suchen da ich ja ganz neu war und auch nicht wusste nach was ich suchen muss. Aber dann hatte ich ihn gefunden.<\/p>\n<p><a id=\"ctl00_ContentBody_LogBookPanel1_ImageMain\" title=\"Found it\" href=\"http:\/\/img.geocaching.com\/cache\/log\/6816ecf4-bedc-4609-a702-60a7c4f6ab21.jpg\" target=\"_blank\"><img decoding=\"async\" title=\"Found it\" src=\"http:\/\/img.geocaching.com\/cache\/log\/display\/6816ecf4-bedc-4609-a702-60a7c4f6ab21.jpg\" alt=\"\" \/><\/a><\/p>\n<p>Ich glaube ein bis zwei Monate sp\u00e4ter hatte ich dann auch mein erstes GPS-Ger\u00e4t in den H\u00e4nden was ich mir \u00fcber eBay gekauft habe. Nun konnte ich auch die ersten Multis angehen.<br \/>\nNat\u00fcrlich dauert es auch nicht lange und ich habe dann selber ein paar Caches versteckt.<\/p>\n<p>Jo und seither bin ich immer wieder am cachen und habe eine gro\u00dfe Freude daran gefunden.<\/p>\n<p>Und da ich im\u00a0sch\u00f6nsten Bundesland Deutschland\u00a0wohne (Schleswig-Holstein) bin ich haupts\u00e4chlich dort am cachen und werde wohl am meisten \u00fcber Caches schreiben die hier in der N\u00e4he sind.<\/p>\n<p>Meine Ausr\u00fcstung ist recht klein &amp; einfach.<br \/>\nAm meisten benutze ich mein Garmin etrex H und zwischen durch kommt dann mein Smartphone zum Einsatz ( HTC HD7) Dort drauf habe ich die Groundspeak Geocaching App.<\/p>\n<p>Naja und dann kommt halt eben so ein paar Kleinigkeiten:<br \/>\nTaschenlampe\u00a0&#8211; Fenix P3D Premium 100)<br \/>\nStirnlampe- No-Name<br \/>\nKompass<br \/>\ndiv Stifte<\/p>\n<p>Wie gesagt nicht sonderlich gro\u00df aber in meinen Fall eben ausreichend.<\/p>\n<p>Greetz<\/p>\n","protected":false},"excerpt":{"rendered":"<p>Ja zu mir gibt es nicht viel zu erz\u00e4hlen&#8230; Nett, freundlich, fr\u00f6hlich, hilfsbereit und abenteuerlustig&#8230; Ich bin 1986 geboren und &hellip; <a href=\"https:\/\/pegcb.de\/index.php\/about\/\" class=\"more-link\"><span class=\"screen-reader-text\">[ About me ]<\/span> weiterlesen<\/a><\/p>\n","protected":false},"author":1,"featured_media":0,"parent":0,"menu_order":0,"comment_status":"open","ping_status":"open","template":"","meta":{"footnotes":""},"jetpack_sharing_enabled":true,"jetpack_shortlink":"https:\/\/wp.me\/P4DCnL-2","_links":{"self":[{"href":"https:\/\/pegcb.de\/index.php\/wp-json\/wp\/v2\/pages\/2"}],"collection":[{"href":"https:\/\/pegcb.de\/index.php\/wp-json\/wp\/v2\/pages"}],"about":[{"href":"https:\/\/pegcb.de\/index.php\/wp-json\/wp\/v2\/types\/page"}],"author":[{"embeddable":true,"href":"https:\/\/pegcb.de\/index.php\/wp-json\/wp\/v2\/users\/1"}],"replies":[{"embeddable":true,"href":"https:\/\/pegcb.de\/index.php\/wp-json\/wp\/v2\/comments?post=2"}],"version-history":[{"count":4,"href":"https:\/\/pegcb.de\/index.php\/wp-json\/wp\/v2\/pages\/2\/revisions"}],"predecessor-version":[{"id":2879,"href":"https:\/\/pegcb.de\/index.php\/wp-json\/wp\/v2\/pages\/2\/revisions\/2879"}],"wp:attachment":[{"href":"https:\/\/pegcb.de\/index.php\/wp-json\/wp\/v2\/media?parent=2"}],"curies":[{"name":"wp","href":"https:\/\/api.w.org\/{rel}","templated":true}]}}