{"id":1759,"date":"2014-05-14T18:14:45","date_gmt":"2014-05-14T16:14:45","guid":{"rendered":"http:\/\/pegcb.de\/?page_id=1759"},"modified":"2014-05-14T18:14:45","modified_gmt":"2014-05-14T16:14:45","slug":"tatonka-pyrox-45","status":"publish","type":"page","link":"https:\/\/pegcb.de\/index.php\/tatonka-pyrox-45\/","title":{"rendered":"Tatonka Pyrox 45"},"content":{"rendered":"<p>Moin moin,<\/p>\n<p>Der <a href=\"http:\/\/www.tatonka.com\/Produkte\/Rucksaecke-Taschen\/trekking\/Pyrox-45\/1374040\" target=\"_blank\">Tatonka Pyrox\u00a045<\/a> kommt derzeit auf jeder Tour mit die nicht l\u00e4nger als 7 Tage dauert.<\/p>\n<ul>\n<li>Ideale Gr\u00f6\u00dfe ( 72 x 27 x 24 cm )<\/li>\n<li>Ausreichend Platz im Bodenfach<\/li>\n<li>Angenehmes Gewicht<\/li>\n<li>Robuste Materialen<\/li>\n<li>Inklusive Regenh\u00fclle<\/li>\n<\/ul>\n<p><a href=\"http:\/\/pegcb.de\/wp-content\/uploads\/2014\/05\/1474647_733255563368874_724430268_n.jpg\"><img loading=\"lazy\" decoding=\"async\" class=\"alignnone size-medium wp-image-1760\" src=\"http:\/\/pegcb.de\/wp-content\/uploads\/2014\/05\/1474647_733255563368874_724430268_n-225x300.jpg\" alt=\"1474647_733255563368874_724430268_n\" width=\"225\" height=\"300\" srcset=\"https:\/\/pegcb.de\/wp-content\/uploads\/2014\/05\/1474647_733255563368874_724430268_n-225x300.jpg 225w, https:\/\/pegcb.de\/wp-content\/uploads\/2014\/05\/1474647_733255563368874_724430268_n.jpg 720w\" sizes=\"(max-width: 225px) 100vw, 225px\" \/><\/a><\/p>\n<p>Greetz<\/p>\n","protected":false},"excerpt":{"rendered":"<p>Moin moin, Der Tatonka Pyrox\u00a045 kommt derzeit auf jeder Tour mit die nicht l\u00e4nger als 7 Tage dauert. Ideale Gr\u00f6\u00dfe &hellip; <a href=\"https:\/\/pegcb.de\/index.php\/tatonka-pyrox-45\/\" class=\"more-link\"><span class=\"screen-reader-text\">Tatonka Pyrox 45<\/span> weiterlesen<\/a><\/p>\n","protected":false},"author":1,"featured_media":0,"parent":0,"menu_order":0,"comment_status":"open","ping_status":"open","template":"","meta":{"footnotes":""},"jetpack_sharing_enabled":true,"jetpack_shortlink":"https:\/\/wp.me\/P4DCnL-sn","_links":{"self":[{"href":"https:\/\/pegcb.de\/index.php\/wp-json\/wp\/v2\/pages\/1759"}],"collection":[{"href":"https:\/\/pegcb.de\/index.php\/wp-json\/wp\/v2\/pages"}],"about":[{"href":"https:\/\/pegcb.de\/index.php\/wp-json\/wp\/v2\/types\/page"}],"author":[{"embeddable":true,"href":"https:\/\/pegcb.de\/index.php\/wp-json\/wp\/v2\/users\/1"}],"replies":[{"embeddable":true,"href":"https:\/\/pegcb.de\/index.php\/wp-json\/wp\/v2\/comments?post=1759"}],"version-history":[{"count":1,"href":"https:\/\/pegcb.de\/index.php\/wp-json\/wp\/v2\/pages\/1759\/revisions"}],"predecessor-version":[{"id":1761,"href":"https:\/\/pegcb.de\/index.php\/wp-json\/wp\/v2\/pages\/1759\/revisions\/1761"}],"wp:attachment":[{"href":"https:\/\/pegcb.de\/index.php\/wp-json\/wp\/v2\/media?parent=1759"}],"curies":[{"name":"wp","href":"https:\/\/api.w.org\/{rel}","templated":true}]}}