{"id":1735,"date":"2014-05-14T11:32:01","date_gmt":"2014-05-14T09:32:01","guid":{"rendered":"http:\/\/pegcb.de\/?page_id=1735"},"modified":"2014-05-14T12:00:52","modified_gmt":"2014-05-14T10:00:52","slug":"vaude-power-lizard-1-2p-sul","status":"publish","type":"page","link":"https:\/\/pegcb.de\/index.php\/vaude-power-lizard-1-2p-sul\/","title":{"rendered":"Vaude Power Lizard 1-2P SUL"},"content":{"rendered":"<p>Moin moin,<\/p>\n<p>auf meinen Solotouren kommt immer das <a href=\"http:\/\/www.vaude.com\/de-DE\/Produkte\/Zelte\/Power-Lizard-SUL-1-2P-green.html\" target=\"_blank\">Vaude Power Lizard 1-2P SUL<\/a> mit.<\/p>\n<ul>\n<li>Es ist mit seinen 1050 Gramm sehr leicht<\/li>\n<li>Hat ein super kleines Packma\u00df ( 35 x 14cm) wobei ich die Stangen immer extern am Rucksack transportiere<\/li>\n<li>Biete gen\u00fcgend Platz f\u00fcr eine Person + Gep\u00e4ck<\/li>\n<li>Schneller Aufbau<\/li>\n<li>Aussenzelt wird direkt mit dem Innenzelt aufgebaut, somit bleibt das Innenzelt bei Regen trocken<\/li>\n<\/ul>\n<p><a href=\"http:\/\/pegcb.de\/wp-content\/uploads\/2014\/05\/DSC_0127.jpg\"><img loading=\"lazy\" decoding=\"async\" class=\"alignnone size-medium wp-image-1737\" src=\"http:\/\/pegcb.de\/wp-content\/uploads\/2014\/05\/DSC_0127-300x198.jpg\" alt=\"DSC_0127\" width=\"300\" height=\"198\" srcset=\"https:\/\/pegcb.de\/wp-content\/uploads\/2014\/05\/DSC_0127-300x198.jpg 300w, https:\/\/pegcb.de\/wp-content\/uploads\/2014\/05\/DSC_0127-900x596.jpg 900w, https:\/\/pegcb.de\/wp-content\/uploads\/2014\/05\/DSC_0127.jpg 986w\" sizes=\"(max-width: 300px) 100vw, 300px\" \/><\/a> <a href=\"http:\/\/pegcb.de\/wp-content\/uploads\/2014\/05\/DSC_0128.jpg\"><img loading=\"lazy\" decoding=\"async\" class=\"alignnone size-medium wp-image-1738\" src=\"http:\/\/pegcb.de\/wp-content\/uploads\/2014\/05\/DSC_0128-300x198.jpg\" alt=\"DSC_0128\" width=\"300\" height=\"198\" srcset=\"https:\/\/pegcb.de\/wp-content\/uploads\/2014\/05\/DSC_0128-300x198.jpg 300w, https:\/\/pegcb.de\/wp-content\/uploads\/2014\/05\/DSC_0128-900x596.jpg 900w, https:\/\/pegcb.de\/wp-content\/uploads\/2014\/05\/DSC_0128.jpg 986w\" sizes=\"(max-width: 300px) 100vw, 300px\" \/><\/a> <a href=\"http:\/\/pegcb.de\/wp-content\/uploads\/2014\/05\/DSC_0131.jpg\"><img loading=\"lazy\" decoding=\"async\" class=\"alignnone size-medium wp-image-1739\" src=\"http:\/\/pegcb.de\/wp-content\/uploads\/2014\/05\/DSC_0131-300x198.jpg\" alt=\"DSC_0131\" width=\"300\" height=\"198\" srcset=\"https:\/\/pegcb.de\/wp-content\/uploads\/2014\/05\/DSC_0131-300x198.jpg 300w, https:\/\/pegcb.de\/wp-content\/uploads\/2014\/05\/DSC_0131-900x596.jpg 900w, https:\/\/pegcb.de\/wp-content\/uploads\/2014\/05\/DSC_0131.jpg 986w\" sizes=\"(max-width: 300px) 100vw, 300px\" \/><\/a> <a href=\"http:\/\/pegcb.de\/wp-content\/uploads\/2014\/05\/DSC_0133.jpg\"><img loading=\"lazy\" decoding=\"async\" class=\"alignnone size-medium wp-image-1740\" src=\"http:\/\/pegcb.de\/wp-content\/uploads\/2014\/05\/DSC_0133-300x198.jpg\" alt=\"DSC_0133\" width=\"300\" height=\"198\" srcset=\"https:\/\/pegcb.de\/wp-content\/uploads\/2014\/05\/DSC_0133-300x198.jpg 300w, https:\/\/pegcb.de\/wp-content\/uploads\/2014\/05\/DSC_0133-900x596.jpg 900w, https:\/\/pegcb.de\/wp-content\/uploads\/2014\/05\/DSC_0133.jpg 986w\" sizes=\"(max-width: 300px) 100vw, 300px\" \/><\/a><\/p>\n","protected":false},"excerpt":{"rendered":"<p>Moin moin, auf meinen Solotouren kommt immer das Vaude Power Lizard 1-2P SUL mit. Es ist mit seinen 1050 Gramm &hellip; <a href=\"https:\/\/pegcb.de\/index.php\/vaude-power-lizard-1-2p-sul\/\" class=\"more-link\"><span class=\"screen-reader-text\">Vaude Power Lizard 1-2P SUL<\/span> weiterlesen<\/a><\/p>\n","protected":false},"author":1,"featured_media":0,"parent":0,"menu_order":0,"comment_status":"open","ping_status":"open","template":"","meta":{"footnotes":""},"jetpack_sharing_enabled":true,"jetpack_shortlink":"https:\/\/wp.me\/P4DCnL-rZ","_links":{"self":[{"href":"https:\/\/pegcb.de\/index.php\/wp-json\/wp\/v2\/pages\/1735"}],"collection":[{"href":"https:\/\/pegcb.de\/index.php\/wp-json\/wp\/v2\/pages"}],"about":[{"href":"https:\/\/pegcb.de\/index.php\/wp-json\/wp\/v2\/types\/page"}],"author":[{"embeddable":true,"href":"https:\/\/pegcb.de\/index.php\/wp-json\/wp\/v2\/users\/1"}],"replies":[{"embeddable":true,"href":"https:\/\/pegcb.de\/index.php\/wp-json\/wp\/v2\/comments?post=1735"}],"version-history":[{"count":1,"href":"https:\/\/pegcb.de\/index.php\/wp-json\/wp\/v2\/pages\/1735\/revisions"}],"predecessor-version":[{"id":1741,"href":"https:\/\/pegcb.de\/index.php\/wp-json\/wp\/v2\/pages\/1735\/revisions\/1741"}],"wp:attachment":[{"href":"https:\/\/pegcb.de\/index.php\/wp-json\/wp\/v2\/media?parent=1735"}],"curies":[{"name":"wp","href":"https:\/\/api.w.org\/{rel}","templated":true}]}}